{"id":758,"date":"2025-03-25T06:36:03","date_gmt":"2025-03-25T06:36:03","guid":{"rendered":"https:\/\/yelppy.com\/fi\/?page_id=758"},"modified":"2025-10-16T08:15:00","modified_gmt":"2025-10-16T08:15:00","slug":"tietosuojaseloste","status":"publish","type":"page","link":"https:\/\/yelppy.com\/fi\/tietosuojaseloste\/","title":{"rendered":"Tietosuojaseloste"},"content":{"rendered":"\t\t<div data-elementor-type=\"wp-page\" data-elementor-id=\"758\" class=\"elementor elementor-758\" data-elementor-post-type=\"page\">\n\t\t\t\t\t\t<section class=\"has_eae_slider elementor-section elementor-top-section elementor-element elementor-element-3dd0e20 elementor-section-boxed elementor-section-height-default elementor-section-height-default\" data-eae-slider=\"4924\" data-id=\"3dd0e20\" data-element_type=\"section\" data-e-type=\"section\">\n\t\t\t\t\t\t<div class=\"elementor-container elementor-column-gap-default\">\n\t\t\t\t\t<div class=\"has_eae_slider elementor-column elementor-col-100 elementor-top-column elementor-element elementor-element-6241747\" data-eae-slider=\"71851\" data-id=\"6241747\" data-element_type=\"column\" data-e-type=\"column\">\n\t\t\t<div class=\"elementor-widget-wrap elementor-element-populated\">\n\t\t\t\t\t\t<div class=\"elementor-element elementor-element-fac928d elementor-widget elementor-widget-heading\" data-id=\"fac928d\" data-element_type=\"widget\" data-e-type=\"widget\" data-widget_type=\"heading.default\">\n\t\t\t\t<div class=\"elementor-widget-container\">\n\t\t\t\t\t<h2 class=\"elementor-heading-title elementor-size-default\">Tietosuojaseloste<\/h2>\t\t\t\t<\/div>\n\t\t\t\t<\/div>\n\t\t\t\t<div class=\"elementor-element elementor-element-ac0c5ff elementor-widget elementor-widget-spacer\" data-id=\"ac0c5ff\" data-element_type=\"widget\" data-e-type=\"widget\" data-widget_type=\"spacer.default\">\n\t\t\t\t<div class=\"elementor-widget-container\">\n\t\t\t\t\t\t\t<div class=\"elementor-spacer\">\n\t\t\t<div class=\"elementor-spacer-inner\"><\/div>\n\t\t<\/div>\n\t\t\t\t\t\t<\/div>\n\t\t\t\t<\/div>\n\t\t\t\t<div class=\"elementor-element elementor-element-3be9fa1 elementor-widget elementor-widget-text-editor\" data-id=\"3be9fa1\" data-element_type=\"widget\" data-e-type=\"widget\" data-widget_type=\"text-editor.default\">\n\t\t\t\t<div class=\"elementor-widget-container\">\n\t\t\t\t\t\t\t\t\t<h4>1. Rekisterinpit\u00e4j\u00e4<\/h4><p>Yelppy Finland Oy<\/p><p>Y-tunnus: 3508660-9<\/p><p>Salomonkatu 17 B, 00100 Helsinki<\/p><p>asiakaspalvelu@yelppy.com<\/p><h4>2. Rekisteriasioista vastaava henkil\u00f6<\/h4><p><br \/>Marko Etel\u00e4aho<\/p><p>asiakaspalvelu@yelppy.com<\/p><h4>3. Rekisterin nimi<\/h4><p>Yelppy Asiakas- ja K\u00e4ytt\u00e4j\u00e4rekisteri<\/p><h4>4. Rekister\u00f6idyt henkil\u00f6t<\/h4><p>&#8211; Yelppy-ohjelmistoa k\u00e4ytt\u00e4v\u00e4t yritysten omistajat ja ty\u00f6ntekij\u00e4t<\/p><p>&#8211; Verkkosivuston k\u00e4vij\u00e4t<\/p><p>&#8211; Uutiskirjeiden ja markkinointiviestien vastaanottajat<\/p><p>&#8211; Kumppanit ja palveluntarjoajat<\/p><h4>5. Henkil\u00f6tietojen k\u00e4sittelyn tarkoitus<\/h4><p>Henkil\u00f6tietoja k\u00e4ytet\u00e4\u00e4n:<\/p><p>&#8211; Ohjelmistopalveluiden tarjoamiseen ja asiakastilien hallintaan<\/p><p>&#8211; Asiakaspalveluun ja viestint\u00e4\u00e4n<\/p><p>&#8211; Laskutukseen ja sopimushallintaan<\/p><p>&#8211; Markkinointiviestint\u00e4\u00e4n ja uutiskirjeisiin (suostumuksella)<\/p><p>&#8211; Verkkosivuston analytiikkaan ja kehitt\u00e4miseen<\/p><p>\u00a0<\/p><p>K\u00e4sittely perustuu:<\/p><p>&#8211; Sopimuksiin ja asiakassuhteisiin<\/p><p>&#8211; Lakis\u00e4\u00e4teisiin velvoitteisiin (esim. kirjanpitolaki)<\/p><p>&#8211; Suostumukseen (esim. markkinointi)<\/p><h4>6. Rekisterin tietosis\u00e4lt\u00f6<\/h4><p>Rekisteriin tallennettavia tietoja voivat olla:<\/p><p>&#8211; Yhteystiedot: nimi, s\u00e4hk\u00f6posti, puhelinnumero, yritys, titteli<\/p><p>&#8211; Kirjautumistiedot (s\u00e4hk\u00f6posti, salasanan tiiviste)<\/p><p>&#8211; Laskutustiedot: laskut, maksut, sopimukset<\/p><p>&#8211; Vuorovaikutustiedot: tukipyynn\u00f6t, k\u00e4ytt\u00f6logit<\/p><p>&#8211; Analytiikkatiedot: IP-osoite, selain, laite, sivustok\u00e4ytt\u00e4ytyminen<\/p><p>\u00a0<\/p><p>Tietoja voi pyyt\u00e4\u00e4 korjattavaksi tai poistettavaksi, ellei laki muuta vaadi.<\/p><h4>7. S\u00e4\u00e4nn\u00f6nmukaiset tietojen luovutukset<\/h4><p>Tietoja voidaan luovuttaa:<\/p><p>&#8211; Viranomaisille (esim. Verohallinto)<\/p><p>&#8211; Is\u00e4nn\u00f6inti- ja IT-palveluntarjoajille (esim. Hostinger)<\/p><p>&#8211; Maksu- ja kirjanpitopalveluille<\/p><p>&#8211; S\u00e4hk\u00f6posti- ja analytiikka-alustoille (esim. uutiskirjety\u00f6kalut, Google Analytics)<\/p><p>\u00a0<\/p><p>Tietoja ei myyd\u00e4 tai luovuteta kolmansille osapuolille markkinointiin ilman suostumusta.<\/p><h4>8. Tietojen siirto EU:n ulkopuolelle<\/h4><p>Tiedot s\u00e4ilytet\u00e4\u00e4n ensisijaisesti EU\/ETA-alueella.<\/p><p>Jos tietoja siirret\u00e4\u00e4n EU:n ulkopuolelle, k\u00e4ytet\u00e4\u00e4n EU:n hyv\u00e4ksymi\u00e4 suojatoimia kuten vakiosopimuslausekkeita.<\/p><h4>9. Rekisterin suojauksen periaatteet<\/h4><p>Tietoturva varmistetaan:<\/p><p>&#8211; Palomuureilla, salauksella ja turvallisella tunnistautumisella<\/p><p>&#8211; K\u00e4ytt\u00f6oikeuksien hallinnalla: vain valtuutetut ty\u00f6ntekij\u00e4t p\u00e4\u00e4sev\u00e4t tietoihin<\/p><p>&#8211; S\u00e4\u00e4nn\u00f6llisill\u00e4 tarkastuksilla ja j\u00e4rjestelm\u00e4p\u00e4ivityksill\u00e4<\/p><h4>10. Tietojen s\u00e4ilytys ja poistaminen<\/h4><p>&#8211; Kirjanpitotiedot: 6 vuotta (kirjanpitolaki)<\/p><p>&#8211; Asiakastiedot: 2 vuotta asiakassuhteen p\u00e4\u00e4ttymisest\u00e4<\/p><p>&#8211; Analytiikkatiedot: ev\u00e4ste- ja ty\u00f6kalukohtaisten s\u00e4ilytysaikojen mukaan<\/p><p>\u00a0<\/p><p>Tiedot poistetaan tai anonymisoidaan, kun niit\u00e4 ei en\u00e4\u00e4 tarvita. Poistopyynn\u00f6t toteutetaan, ellei laki est\u00e4.<\/p><h4>11. Rekister\u00f6idyn oikeudet<\/h4><p>Rekister\u00f6idyll\u00e4 on oikeus:<\/p><p>&#8211; Saada tiet\u00e4\u00e4, k\u00e4sitell\u00e4\u00e4nk\u00f6 h\u00e4nen tietojaan<\/p><p>&#8211; Tarkastaa ja korjata omat tietonsa<\/p><p>&#8211; Pyyt\u00e4\u00e4 tietojen poistamista, jos k\u00e4sittelylle ei ole perustetta<\/p><p>&#8211; Vastustaa tai rajoittaa tietojen k\u00e4sittely\u00e4<\/p><p>&#8211; Peruuttaa suostumus (esim. markkinointiviestit)<\/p><p>&#8211; Tehd\u00e4 valitus tietosuojaviranomaiselle<\/p><p>\u00a0<\/p><p>Pyynn\u00f6t k\u00e4sitell\u00e4\u00e4n 30 p\u00e4iv\u00e4n kuluessa.<\/p>\t\t\t\t\t\t\t\t<\/div>\n\t\t\t\t<\/div>\n\t\t\t\t\t<\/div>\n\t\t<\/div>\n\t\t\t\t\t<\/div>\n\t\t<\/section>\n\t\t\t\t<\/div>\n\t\t","protected":false},"excerpt":{"rendered":"<p>Tietosuojaseloste 1. Rekisterinpit\u00e4j\u00e4 Yelppy Finland Oy Y-tunnus: 3508660-9 Salomonkatu 17 B, 00100 Helsinki asiakaspalvelu@yelppy.com 2. Rekisteriasioista vastaava henkil\u00f6 Marko Etel\u00e4aho [&hellip;]<\/p>\n","protected":false},"author":1,"featured_media":0,"parent":0,"menu_order":0,"comment_status":"closed","ping_status":"closed","template":"","meta":{"site-sidebar-layout":"no-sidebar","site-content-layout":"","ast-site-content-layout":"full-width-container","site-content-style":"default","site-sidebar-style":"default","ast-global-header-display":"","ast-banner-title-visibility":"","ast-main-header-display":"","ast-hfb-above-header-display":"","ast-hfb-below-header-display":"","ast-hfb-mobile-header-display":"","site-post-title":"disabled","ast-breadcrumbs-content":"","ast-featured-img":"disabled","footer-sml-layout":"","ast-disable-related-posts":"","theme-transparent-header-meta":"","adv-header-id-meta":"","stick-header-meta":"","header-above-stick-meta":"","header-main-stick-meta":"","header-below-stick-meta":"","astra-migrate-meta-layouts":"default","ast-page-background-enabled":"default","ast-page-background-meta":{"desktop":{"background-color":"var(--ast-global-color-5)","background-image":"","background-repeat":"repeat","background-position":"center center","background-size":"auto","background-attachment":"scroll","background-type":"","background-media":"","overlay-type":"","overlay-color":"","overlay-opacity":"","overlay-gradient":""},"tablet":{"background-color":"","background-image":"","background-repeat":"repeat","background-position":"center center","background-size":"auto","background-attachment":"scroll","background-type":"","background-media":"","overlay-type":"","overlay-color":"","overlay-opacity":"","overlay-gradient":""},"mobile":{"background-color":"","background-image":"","background-repeat":"repeat","background-position":"center center","background-size":"auto","background-attachment":"scroll","background-type":"","background-media":"","overlay-type":"","overlay-color":"","overlay-opacity":"","overlay-gradient":""}},"ast-content-background-meta":{"desktop":{"background-color":"var(--ast-global-color-4)","background-image":"","background-repeat":"repeat","background-position":"center center","background-size":"auto","background-attachment":"scroll","background-type":"","background-media":"","overlay-type":"","overlay-color":"","overlay-opacity":"","overlay-gradient":""},"tablet":{"background-color":"var(--ast-global-color-4)","background-image":"","background-repeat":"repeat","background-position":"center center","background-size":"auto","background-attachment":"scroll","background-type":"","background-media":"","overlay-type":"","overlay-color":"","overlay-opacity":"","overlay-gradient":""},"mobile":{"background-color":"var(--ast-global-color-4)","background-image":"","background-repeat":"repeat","background-position":"center center","background-size":"auto","background-attachment":"scroll","background-type":"","background-media":"","overlay-type":"","overlay-color":"","overlay-opacity":"","overlay-gradient":""}},"footnotes":""},"class_list":["post-758","page","type-page","status-publish","hentry"],"yoast_head":"<!-- This site is optimized with the Yoast SEO plugin v27.4 - https:\/\/yoast.com\/product\/yoast-seo-wordpress\/ -->\n<title>Tietosuojaseloste - Yelppy<\/title>\n<meta name=\"description\" content=\"Lue tietosuojaselosteesta, miten Yelppy k\u00e4sittelee ja suojaa henkil\u00f6tietosi turvallisesti tietosuojaselosteen mukaisesti.\" \/>\n<meta name=\"robots\" content=\"index, follow, max-snippet:-1, max-image-preview:large, max-video-preview:-1\" \/>\n<link rel=\"canonical\" href=\"https:\/\/yelppy.com\/fi\/tietosuojaseloste\/\" \/>\n<meta property=\"og:locale\" content=\"fi_FI\" \/>\n<meta property=\"og:type\" content=\"article\" \/>\n<meta property=\"og:title\" content=\"Tietosuojaseloste - Yelppy\" \/>\n<meta property=\"og:description\" content=\"Lue tietosuojaselosteesta, miten Yelppy k\u00e4sittelee ja suojaa henkil\u00f6tietosi turvallisesti tietosuojaselosteen mukaisesti.\" \/>\n<meta property=\"og:url\" content=\"https:\/\/yelppy.com\/fi\/tietosuojaseloste\/\" \/>\n<meta property=\"og:site_name\" content=\"yelppy.com\" \/>\n<meta property=\"article:modified_time\" content=\"2025-10-16T08:15:00+00:00\" \/>\n<meta name=\"twitter:card\" content=\"summary_large_image\" \/>\n<meta name=\"twitter:label1\" content=\"Arvioitu lukuaika\" \/>\n\t<meta name=\"twitter:data1\" content=\"2 minuuttia\" \/>\n<script type=\"application\/ld+json\" class=\"yoast-schema-graph\">{\"@context\":\"https:\\\/\\\/schema.org\",\"@graph\":[{\"@type\":\"WebPage\",\"@id\":\"https:\\\/\\\/yelppy.com\\\/fi\\\/tietosuojaseloste\\\/\",\"url\":\"https:\\\/\\\/yelppy.com\\\/fi\\\/tietosuojaseloste\\\/\",\"name\":\"Tietosuojaseloste - Yelppy\",\"isPartOf\":{\"@id\":\"https:\\\/\\\/yelppy.com\\\/fi\\\/#website\"},\"datePublished\":\"2025-03-25T06:36:03+00:00\",\"dateModified\":\"2025-10-16T08:15:00+00:00\",\"description\":\"Lue tietosuojaselosteesta, miten Yelppy k\u00e4sittelee ja suojaa henkil\u00f6tietosi turvallisesti tietosuojaselosteen mukaisesti.\",\"breadcrumb\":{\"@id\":\"https:\\\/\\\/yelppy.com\\\/fi\\\/tietosuojaseloste\\\/#breadcrumb\"},\"inLanguage\":\"fi\",\"potentialAction\":[{\"@type\":\"ReadAction\",\"target\":[\"https:\\\/\\\/yelppy.com\\\/fi\\\/tietosuojaseloste\\\/\"]}]},{\"@type\":\"BreadcrumbList\",\"@id\":\"https:\\\/\\\/yelppy.com\\\/fi\\\/tietosuojaseloste\\\/#breadcrumb\",\"itemListElement\":[{\"@type\":\"ListItem\",\"position\":1,\"name\":\"Home\",\"item\":\"https:\\\/\\\/yelppy.com\\\/fi\\\/\"},{\"@type\":\"ListItem\",\"position\":2,\"name\":\"Tietosuojaseloste\"}]},{\"@type\":\"WebSite\",\"@id\":\"https:\\\/\\\/yelppy.com\\\/fi\\\/#website\",\"url\":\"https:\\\/\\\/yelppy.com\\\/fi\\\/\",\"name\":\"yelppy.com\",\"description\":\"\",\"publisher\":{\"@id\":\"https:\\\/\\\/yelppy.com\\\/fi\\\/#organization\"},\"potentialAction\":[{\"@type\":\"SearchAction\",\"target\":{\"@type\":\"EntryPoint\",\"urlTemplate\":\"https:\\\/\\\/yelppy.com\\\/fi\\\/?s={search_term_string}\"},\"query-input\":{\"@type\":\"PropertyValueSpecification\",\"valueRequired\":true,\"valueName\":\"search_term_string\"}}],\"inLanguage\":\"fi\"},{\"@type\":\"Organization\",\"@id\":\"https:\\\/\\\/yelppy.com\\\/fi\\\/#organization\",\"name\":\"yelppy.com\",\"url\":\"https:\\\/\\\/yelppy.com\\\/fi\\\/\",\"logo\":{\"@type\":\"ImageObject\",\"inLanguage\":\"fi\",\"@id\":\"https:\\\/\\\/yelppy.com\\\/fi\\\/#\\\/schema\\\/logo\\\/image\\\/\",\"url\":\"https:\\\/\\\/yelppy.com\\\/fi\\\/wp-content\\\/uploads\\\/2025\\\/02\\\/brand-logo.png\",\"contentUrl\":\"https:\\\/\\\/yelppy.com\\\/fi\\\/wp-content\\\/uploads\\\/2025\\\/02\\\/brand-logo.png\",\"width\":227,\"height\":62,\"caption\":\"yelppy.com\"},\"image\":{\"@id\":\"https:\\\/\\\/yelppy.com\\\/fi\\\/#\\\/schema\\\/logo\\\/image\\\/\"}}]}<\/script>\n<!-- \/ Yoast SEO plugin. -->","yoast_head_json":{"title":"Tietosuojaseloste - Yelppy","description":"Lue tietosuojaselosteesta, miten Yelppy k\u00e4sittelee ja suojaa henkil\u00f6tietosi turvallisesti tietosuojaselosteen mukaisesti.","robots":{"index":"index","follow":"follow","max-snippet":"max-snippet:-1","max-image-preview":"max-image-preview:large","max-video-preview":"max-video-preview:-1"},"canonical":"https:\/\/yelppy.com\/fi\/tietosuojaseloste\/","og_locale":"fi_FI","og_type":"article","og_title":"Tietosuojaseloste - Yelppy","og_description":"Lue tietosuojaselosteesta, miten Yelppy k\u00e4sittelee ja suojaa henkil\u00f6tietosi turvallisesti tietosuojaselosteen mukaisesti.","og_url":"https:\/\/yelppy.com\/fi\/tietosuojaseloste\/","og_site_name":"yelppy.com","article_modified_time":"2025-10-16T08:15:00+00:00","twitter_card":"summary_large_image","twitter_misc":{"Arvioitu lukuaika":"2 minuuttia"},"schema":{"@context":"https:\/\/schema.org","@graph":[{"@type":"WebPage","@id":"https:\/\/yelppy.com\/fi\/tietosuojaseloste\/","url":"https:\/\/yelppy.com\/fi\/tietosuojaseloste\/","name":"Tietosuojaseloste - Yelppy","isPartOf":{"@id":"https:\/\/yelppy.com\/fi\/#website"},"datePublished":"2025-03-25T06:36:03+00:00","dateModified":"2025-10-16T08:15:00+00:00","description":"Lue tietosuojaselosteesta, miten Yelppy k\u00e4sittelee ja suojaa henkil\u00f6tietosi turvallisesti tietosuojaselosteen mukaisesti.","breadcrumb":{"@id":"https:\/\/yelppy.com\/fi\/tietosuojaseloste\/#breadcrumb"},"inLanguage":"fi","potentialAction":[{"@type":"ReadAction","target":["https:\/\/yelppy.com\/fi\/tietosuojaseloste\/"]}]},{"@type":"BreadcrumbList","@id":"https:\/\/yelppy.com\/fi\/tietosuojaseloste\/#breadcrumb","itemListElement":[{"@type":"ListItem","position":1,"name":"Home","item":"https:\/\/yelppy.com\/fi\/"},{"@type":"ListItem","position":2,"name":"Tietosuojaseloste"}]},{"@type":"WebSite","@id":"https:\/\/yelppy.com\/fi\/#website","url":"https:\/\/yelppy.com\/fi\/","name":"yelppy.com","description":"","publisher":{"@id":"https:\/\/yelppy.com\/fi\/#organization"},"potentialAction":[{"@type":"SearchAction","target":{"@type":"EntryPoint","urlTemplate":"https:\/\/yelppy.com\/fi\/?s={search_term_string}"},"query-input":{"@type":"PropertyValueSpecification","valueRequired":true,"valueName":"search_term_string"}}],"inLanguage":"fi"},{"@type":"Organization","@id":"https:\/\/yelppy.com\/fi\/#organization","name":"yelppy.com","url":"https:\/\/yelppy.com\/fi\/","logo":{"@type":"ImageObject","inLanguage":"fi","@id":"https:\/\/yelppy.com\/fi\/#\/schema\/logo\/image\/","url":"https:\/\/yelppy.com\/fi\/wp-content\/uploads\/2025\/02\/brand-logo.png","contentUrl":"https:\/\/yelppy.com\/fi\/wp-content\/uploads\/2025\/02\/brand-logo.png","width":227,"height":62,"caption":"yelppy.com"},"image":{"@id":"https:\/\/yelppy.com\/fi\/#\/schema\/logo\/image\/"}}]}},"_links":{"self":[{"href":"https:\/\/yelppy.com\/fi\/wp-json\/wp\/v2\/pages\/758","targetHints":{"allow":["GET"]}}],"collection":[{"href":"https:\/\/yelppy.com\/fi\/wp-json\/wp\/v2\/pages"}],"about":[{"href":"https:\/\/yelppy.com\/fi\/wp-json\/wp\/v2\/types\/page"}],"author":[{"embeddable":true,"href":"https:\/\/yelppy.com\/fi\/wp-json\/wp\/v2\/users\/1"}],"replies":[{"embeddable":true,"href":"https:\/\/yelppy.com\/fi\/wp-json\/wp\/v2\/comments?post=758"}],"version-history":[{"count":7,"href":"https:\/\/yelppy.com\/fi\/wp-json\/wp\/v2\/pages\/758\/revisions"}],"predecessor-version":[{"id":765,"href":"https:\/\/yelppy.com\/fi\/wp-json\/wp\/v2\/pages\/758\/revisions\/765"}],"wp:attachment":[{"href":"https:\/\/yelppy.com\/fi\/wp-json\/wp\/v2\/media?parent=758"}],"curies":[{"name":"wp","href":"https:\/\/api.w.org\/{rel}","templated":true}]}}