{"id":1394,"date":"2025-05-06T11:08:01","date_gmt":"2025-05-06T11:08:01","guid":{"rendered":"https:\/\/yelppy.com\/fi\/?page_id=1394"},"modified":"2026-03-02T08:59:19","modified_gmt":"2026-03-02T08:59:19","slug":"palveluehdot","status":"publish","type":"page","link":"https:\/\/yelppy.com\/fi\/palveluehdot\/","title":{"rendered":"Palveluehdot"},"content":{"rendered":"\t\t<div data-elementor-type=\"wp-page\" data-elementor-id=\"1394\" class=\"elementor elementor-1394\" data-elementor-post-type=\"page\">\n\t\t\t\t\t\t<section class=\"has_eae_slider elementor-section elementor-top-section elementor-element elementor-element-3dd0e20 elementor-section-boxed elementor-section-height-default elementor-section-height-default\" data-eae-slider=\"5317\" data-id=\"3dd0e20\" data-element_type=\"section\" data-e-type=\"section\">\n\t\t\t\t\t\t<div class=\"elementor-container elementor-column-gap-default\">\n\t\t\t\t\t<div class=\"has_eae_slider elementor-column elementor-col-100 elementor-top-column elementor-element elementor-element-6241747\" data-eae-slider=\"7846\" data-id=\"6241747\" data-element_type=\"column\" data-e-type=\"column\">\n\t\t\t<div class=\"elementor-widget-wrap elementor-element-populated\">\n\t\t\t\t\t\t<div class=\"elementor-element elementor-element-fac928d elementor-widget elementor-widget-heading\" data-id=\"fac928d\" data-element_type=\"widget\" data-e-type=\"widget\" data-widget_type=\"heading.default\">\n\t\t\t\t<div class=\"elementor-widget-container\">\n\t\t\t\t\t<h2 class=\"elementor-heading-title elementor-size-default\">Palveluehdot<\/h2>\t\t\t\t<\/div>\n\t\t\t\t<\/div>\n\t\t\t\t<div class=\"elementor-element elementor-element-ac0c5ff elementor-widget elementor-widget-spacer\" data-id=\"ac0c5ff\" data-element_type=\"widget\" data-e-type=\"widget\" data-widget_type=\"spacer.default\">\n\t\t\t\t<div class=\"elementor-widget-container\">\n\t\t\t\t\t\t\t<div class=\"elementor-spacer\">\n\t\t\t<div class=\"elementor-spacer-inner\"><\/div>\n\t\t<\/div>\n\t\t\t\t\t\t<\/div>\n\t\t\t\t<\/div>\n\t\t\t\t<div class=\"elementor-element elementor-element-3be9fa1 elementor-widget elementor-widget-text-editor\" data-id=\"3be9fa1\" data-element_type=\"widget\" data-e-type=\"widget\" data-widget_type=\"text-editor.default\">\n\t\t\t\t<div class=\"elementor-widget-container\">\n\t\t\t\t\t\t\t\t\t<h4>1. Sopimusosapuolet ja palvelun soveltaminen<\/h4>\n<p>1.1 N\u00e4m\u00e4 palveluehdot koskevat Yelppy Finland Oy:n (Y-tunnus: 3508660-9) tuottamaa ja yll\u00e4pit\u00e4m\u00e4\u00e4 Yelppy-ohjelmistopalvelua (&#8221;Palvelu&#8221;).<\/p>\n<p>1.2 Asiakas voi olla yritys, yksityinen elinkeinonharjoittaja tai muu oikeushenkil\u00f6, joka ottaa Palvelun k\u00e4ytt\u00f6\u00f6n.<\/p>\n<p>1.3 Palvelun k\u00e4ytt\u00f6 edellytt\u00e4\u00e4 rekister\u00f6itymist\u00e4 ja voimassa olevaa maksullista tilausta. Palveluun rekister\u00f6itym\u00e4ll\u00e4 asiakas vakuuttaa tutustuneensa n\u00e4ihin ehtoihin ja sitoutuu noudattamaan niit\u00e4.<\/p>\n<h4>2. M\u00e4\u00e4ritelm\u00e4t<\/h4>\n<p>Asiakas: Palvelun tilaaja (yritys, elinkeinonharjoittaja tai muu oikeushenkil\u00f6).<\/p>\n<p>Palvelu: Yelppy Finland Oy:n tarjoama ohjelmisto ja siihen liittyv\u00e4t ominaisuudet ja sis\u00e4ll\u00f6t.<\/p>\n<p>J\u00e4rjestelm\u00e4n yll\u00e4pit\u00e4j\u00e4: Henkil\u00f6, joka hallinnoi Asiakkaan tunnuksia ja k\u00e4ytt\u00e4ji\u00e4 Palvelussa.<\/p>\n<p>K\u00e4ytt\u00e4j\u00e4: Henkil\u00f6, jolla on oikeus k\u00e4ytt\u00e4\u00e4 Palvelua Asiakkaan lukuun.<\/p>\n<h4>3. Palvelun sis\u00e4lt\u00f6 ja lisenssi<\/h4>\n<p>3.1 Yelppy tarjoaa laskutukseen, asiakashallintaan, dokumentointiin ja liiketoiminnan hallintaan liittyv\u00e4\u00e4 ohjelmistoa, jonka ominaisuudet on esitetty verkkosivuilla ja asiakastileill\u00e4.<\/p>\n<p>3.2 Asiakas saa ei-yksinomaisen ja ei-siirrett\u00e4v\u00e4n oikeuden k\u00e4ytt\u00e4\u00e4 Palvelua sopimuskauden ajan.<\/p>\n<p>3.3 Palvelua saa k\u00e4ytt\u00e4\u00e4 vain laillisiin tarkoituksiin. Kaikki oikeudet ohjelmistoon ja siihen liittyv\u00e4\u00e4n materiaaliin s\u00e4ilyv\u00e4t Yelppy Finland Oy:ll\u00e4.<\/p>\n<h4>4. Rekister\u00f6ityminen ja tunnukset<\/h4>\n<p>4.1 Rekister\u00f6ityess\u00e4 Asiakkaan on annettava paikkansapit\u00e4v\u00e4t tiedot ja m\u00e4\u00e4ritett\u00e4v\u00e4 salasana.<\/p>\n<p>4.2 Tunnukset ovat henkil\u00f6kohtaisia. Asiakas vastaa kaikesta tunnuksillaan tapahtuvasta k\u00e4yt\u00f6st\u00e4.<\/p>\n<p>4.3 Mik\u00e4li tunnukset joutuvat ulkopuolisten haltuun, asiasta tulee ilmoittaa Yelppylle v\u00e4litt\u00f6m\u00e4sti.<\/p>\n<h4>5. Asiakkaan vastuut<\/h4>\n<p>5.1 Asiakas sitoutuu noudattamaan soveltuvaa lains\u00e4\u00e4d\u00e4nt\u00f6\u00e4, Palvelun ehtoja sek\u00e4 hyvi\u00e4 tapoja.<\/p>\n<p>5.2 Asiakas vastaa sy\u00f6tt\u00e4miens\u00e4 tietojen paikkansapit\u00e4vyydest\u00e4 ja sis\u00e4ll\u00f6st\u00e4 sek\u00e4 siit\u00e4, ett\u00e4 niill\u00e4 ei loukata kolmansien osapuolten oikeuksia.<\/p>\n<p>5.3 Asiakas vastaa itse laitteistojen, yhteyksien ja kolmannen osapuolen ohjelmistojen (esim. selain, virustorjunta) toimivuudesta.<\/p>\n<p>5.4 Asiakas on korvausvelvollinen kaikista vahingoista, joita aiheutuu ehtojen, lain tai hyvien tapojen vastaisesta k\u00e4yt\u00f6st\u00e4.<\/p>\n<h4>6. Palveluntarjoajan vastuut ja oikeudet<\/h4>\n<p>6.1 Palvelu pyrit\u00e4\u00e4n pit\u00e4m\u00e4\u00e4n k\u00e4ytett\u00e4viss\u00e4 ymp\u00e4ri vuorokauden. Palvelussa voi kuitenkin esiinty\u00e4 katkoksia huollon, p\u00e4ivitysten tai teknisten vikojen vuoksi.<\/p>\n<p>6.2 Yelppy ei vastaa mahdollisista suorista tai ep\u00e4suorista vahingoista, joita Palvelun toimintah\u00e4iri\u00f6t tai katkokset aiheuttavat.<\/p>\n<p>6.3 Yelppy voi poistaa Palvelusta sis\u00e4lt\u00f6\u00e4 tai k\u00e4ytt\u00e4j\u00e4n, joka rikkoo ehtoja, lakia tai hyvi\u00e4 tapoja.<\/p>\n<p>6.4 Yelppy voi muuttaa Palvelua tai sen ominaisuuksia. Jos muutoksesta aiheutuu olennaista haittaa asiakkaalle, t\u00e4ll\u00f6in asiakas voi irtisanoa Palvelun 30 p\u00e4iv\u00e4n kuluessa muutoksesta.<\/p>\n<h4>7. Hinnat, laskutus ja maksuehdot<\/h4>\n<p>7.1 Palvelu on maksullinen. Hinnoittelu ilmoitetaan Yelppyn verkkosivuilla ja asiakastilill\u00e4.<\/p>\n<p>7.2&nbsp;<span style=\"font-style: inherit; font-weight: inherit;\">Palvelun hinnasto m\u00e4\u00e4r\u00e4ytyy kulloinkin voimassa olevan hinnaston mukaisesti (esimerkiksi Yelppy Light 3,90 \u20ac + ALV\/kk ja Yelppy Pro 9,90 \u20ac + ALV\/kk).<\/span><\/p>\n<p data-start=\"252\" data-end=\"316\">Palvelumaksut kertyv\u00e4t kuukausittain ja laskutetaan seuraavasti:<\/p>\n<ul data-start=\"318\" data-end=\"494\">\n<li data-start=\"318\" data-end=\"408\">\n<p data-start=\"320\" data-end=\"408\">Lasku l\u00e4hetet\u00e4\u00e4n, kun kertyneiden maksujen yhteissumma ylitt\u00e4\u00e4 10 euroa (sis. ALV), tai<\/p>\n<\/li>\n<li data-start=\"409\" data-end=\"494\">\n<p data-start=\"411\" data-end=\"494\">V\u00e4hint\u00e4\u00e4n kolmen (3) kuukauden v\u00e4lein, vaikka 10 euron (sis. ALV) rajaa ei olisi saavutettu.<\/p>\n<\/li>\n<\/ul>\n<p data-start=\"496\" data-end=\"637\">Kolmen (3) kuukauden laskutusjaksossa asiakkaalta veloitetaan kyseisen jakson aikana kertyneet palvelumaksut riippumatta niiden eurom\u00e4\u00e4r\u00e4st\u00e4.<\/p>\n<p>7.3 Maksuehto on 14 p\u00e4iv\u00e4\u00e4 netto. My\u00f6h\u00e4styneist\u00e4 maksuista voidaan peri\u00e4 muistutusmaksu.<\/p>\n<p>7.4 Maksuja ei palauteta, vaikka asiakas lopettaisi Palvelun k\u00e4yt\u00f6n kesken laskutuskauden.<\/p>\n<p>7.5 Yelppy voi muuttaa hinnastoaan ilmoittamalla siit\u00e4 asiakkaalle v\u00e4hint\u00e4\u00e4n 30 p\u00e4iv\u00e4\u00e4 ennen muutoksen voimaantuloa. Asiakas voi irtisanoa Palvelun ennen muutoksen voimaantuloa.<\/p>\n<h4>8. Tietosuoja ja henkil\u00f6tiedot<\/h4>\n<p>8.1 Asiakkaan tiedot k\u00e4sitell\u00e4\u00e4n EU:n tietosuoja-asetuksen (GDPR) mukaisesti.<\/p>\n<p>8.2 Tietoja ei luovuteta kolmansille osapuolille ilman lakiin perustuvaa velvoitetta.<\/p>\n<p>8.3 Kaikki ker\u00e4tyt henkil\u00f6tiedot suojataan asianmukaisesti teknisin ja hallinnollisin keinoin.<\/p>\n<h4>9. Tuki ja rajaukset<\/h4>\n<p>9.1 Yelppy tarjoaa tukea ohjelmiston toiminnallisuuteen liittyviin kysymyksiin asiakaspalvelun kautta.<\/p>\n<p>9.2 Tuki ei sis\u00e4ll\u00e4 kirjanpidollisia tai juridisia neuvoja tai virheiden korjaamista, jotka johtuvat Asiakkaan virheellisest\u00e4 k\u00e4yt\u00f6st\u00e4.<\/p>\n<h4>10. Sopimuksen voimassaolo ja p\u00e4\u00e4ttyminen<\/h4>\n<p>10.1 Sopimus on voimassa toistaiseksi ja uusiutuu automaattisesti valitun laskutusjakson mukaan, ellei asiakas irtisano sit\u00e4 viimeist\u00e4\u00e4n 30 p\u00e4iv\u00e4\u00e4 ennen uuden jakson alkua.<\/p>\n<p>10.2 Asiakas voi irtisanoa Palvelun milloin tahansa kirjallisesti tai Palvelun kautta.<\/p>\n<p>10.3 K\u00e4ytt\u00e4m\u00e4tt\u00e4 olleet tilit voidaan poistaa 24 kuukauden inaktiivisuuden j\u00e4lkeen. Asiasta ilmoitetaan s\u00e4hk\u00f6postitse etuk\u00e4teen.<\/p>\n<h4>11. Reklamaatiot ja palautteet<\/h4>\n<p>11.1 Reklamaatiot Palvelun toiminnasta tai laskutuksesta tulee l\u00e4hett\u00e4\u00e4 s\u00e4hk\u00f6postitse osoitteeseen asiakaspalvelu@yelppy.com viimeist\u00e4\u00e4n 14 vuorokauden kuluessa tapahtumasta.<\/p>\n<p>11.2 My\u00f6h\u00e4styneit\u00e4 reklamaatioita ei huomioida, ellei lains\u00e4\u00e4d\u00e4nt\u00f6 muuta edellyt\u00e4.<\/p>\n<p>11.3 Palvelun k\u00e4ytt\u00f6\u00f6n liittyvi\u00e4 maksuja ei palauteta, ellei toisin ole erikseen sovittu.<\/p>\n<h4>12. Yleist\u00e4<\/h4>\n<p>Jos jokin ehtojen kohta todetaan mit\u00e4tt\u00f6m\u00e4ksi, se ei vaikuta muiden ehtojen voimassaoloon. Ehdot julkaistaan Yelppyn verkkosivuilla ja ne voivat muuttua. Palvelun k\u00e4yt\u00f6n jatkaminen muutosten j\u00e4lkeen katsotaan ehtojen hyv\u00e4ksymiseksi. Olennaisista muutoksista ilmoitetaan asiakkaalle s\u00e4hk\u00f6postitse tai Palvelun kautta v\u00e4hint\u00e4\u00e4n 30 p\u00e4iv\u00e4\u00e4 ennen voimaantuloa.<\/p>\n<h4>Yhteystiedot<\/h4>\n<p>Yelppy Finland Oy<\/p>\n<p>Y-tunnus: 3508660-9<\/p>\n<p>asiakaspalvelu@yelppy.com<\/p>\n<p>www.yelppy.com<\/p>\t\t\t\t\t\t\t\t<\/div>\n\t\t\t\t<\/div>\n\t\t\t\t\t<\/div>\n\t\t<\/div>\n\t\t\t\t\t<\/div>\n\t\t<\/section>\n\t\t\t\t<\/div>\n\t\t","protected":false},"excerpt":{"rendered":"<p>Palveluehdot 1. Sopimusosapuolet ja palvelun soveltaminen 1.1 N\u00e4m\u00e4 palveluehdot koskevat Yelppy Finland Oy:n (Y-tunnus: 3508660-9) tuottamaa ja yll\u00e4pit\u00e4m\u00e4\u00e4 Yelppy-ohjelmistopalvelua (&#8221;Palvelu&#8221;). [&hellip;]<\/p>\n","protected":false},"author":1,"featured_media":0,"parent":0,"menu_order":0,"comment_status":"closed","ping_status":"closed","template":"","meta":{"site-sidebar-layout":"no-sidebar","site-content-layout":"","ast-site-content-layout":"full-width-container","site-content-style":"default","site-sidebar-style":"default","ast-global-header-display":"","ast-banner-title-visibility":"","ast-main-header-display":"","ast-hfb-above-header-display":"","ast-hfb-below-header-display":"","ast-hfb-mobile-header-display":"","site-post-title":"disabled","ast-breadcrumbs-content":"","ast-featured-img":"disabled","footer-sml-layout":"","ast-disable-related-posts":"","theme-transparent-header-meta":"","adv-header-id-meta":"","stick-header-meta":"","header-above-stick-meta":"","header-main-stick-meta":"","header-below-stick-meta":"","astra-migrate-meta-layouts":"default","ast-page-background-enabled":"default","ast-page-background-meta":{"desktop":{"background-color":"var(--ast-global-color-5)","background-image":"","background-repeat":"repeat","background-position":"center center","background-size":"auto","background-attachment":"scroll","background-type":"","background-media":"","overlay-type":"","overlay-color":"","overlay-opacity":"","overlay-gradient":""},"tablet":{"background-color":"","background-image":"","background-repeat":"repeat","background-position":"center center","background-size":"auto","background-attachment":"scroll","background-type":"","background-media":"","overlay-type":"","overlay-color":"","overlay-opacity":"","overlay-gradient":""},"mobile":{"background-color":"","background-image":"","background-repeat":"repeat","background-position":"center center","background-size":"auto","background-attachment":"scroll","background-type":"","background-media":"","overlay-type":"","overlay-color":"","overlay-opacity":"","overlay-gradient":""}},"ast-content-background-meta":{"desktop":{"background-color":"var(--ast-global-color-4)","background-image":"","background-repeat":"repeat","background-position":"center center","background-size":"auto","background-attachment":"scroll","background-type":"","background-media":"","overlay-type":"","overlay-color":"","overlay-opacity":"","overlay-gradient":""},"tablet":{"background-color":"var(--ast-global-color-4)","background-image":"","background-repeat":"repeat","background-position":"center center","background-size":"auto","background-attachment":"scroll","background-type":"","background-media":"","overlay-type":"","overlay-color":"","overlay-opacity":"","overlay-gradient":""},"mobile":{"background-color":"var(--ast-global-color-4)","background-image":"","background-repeat":"repeat","background-position":"center center","background-size":"auto","background-attachment":"scroll","background-type":"","background-media":"","overlay-type":"","overlay-color":"","overlay-opacity":"","overlay-gradient":""}},"footnotes":""},"class_list":["post-1394","page","type-page","status-publish","hentry"],"yoast_head":"<!-- This site is optimized with the Yoast SEO plugin v27.4 - https:\/\/yoast.com\/product\/yoast-seo-wordpress\/ -->\n<title>Palveluehdot - Yelppy<\/title>\n<meta name=\"description\" content=\"Lue miten palvelun k\u00e4ytt\u00f6, tietoturva ja hinnoittelu m\u00e4\u00e4r\u00e4ytyv\u00e4t. L\u00e4pin\u00e4kyv\u00e4t palveluehdot takaavat luotettavan palvelun kaikille k\u00e4ytt\u00e4jille.\" \/>\n<meta name=\"robots\" content=\"index, follow, max-snippet:-1, max-image-preview:large, max-video-preview:-1\" \/>\n<link rel=\"canonical\" href=\"https:\/\/yelppy.com\/fi\/palveluehdot\/\" \/>\n<meta property=\"og:locale\" content=\"fi_FI\" \/>\n<meta property=\"og:type\" content=\"article\" \/>\n<meta property=\"og:title\" content=\"Palveluehdot - Yelppy\" \/>\n<meta property=\"og:description\" content=\"Lue miten palvelun k\u00e4ytt\u00f6, tietoturva ja hinnoittelu m\u00e4\u00e4r\u00e4ytyv\u00e4t. L\u00e4pin\u00e4kyv\u00e4t palveluehdot takaavat luotettavan palvelun kaikille k\u00e4ytt\u00e4jille.\" \/>\n<meta property=\"og:url\" content=\"https:\/\/yelppy.com\/fi\/palveluehdot\/\" \/>\n<meta property=\"og:site_name\" content=\"yelppy.com\" \/>\n<meta property=\"article:modified_time\" content=\"2026-03-02T08:59:19+00:00\" \/>\n<meta name=\"twitter:card\" content=\"summary_large_image\" \/>\n<meta name=\"twitter:label1\" content=\"Arvioitu lukuaika\" \/>\n\t<meta name=\"twitter:data1\" content=\"3 minuuttia\" \/>\n<script type=\"application\/ld+json\" class=\"yoast-schema-graph\">{\"@context\":\"https:\\\/\\\/schema.org\",\"@graph\":[{\"@type\":\"WebPage\",\"@id\":\"https:\\\/\\\/yelppy.com\\\/fi\\\/palveluehdot\\\/\",\"url\":\"https:\\\/\\\/yelppy.com\\\/fi\\\/palveluehdot\\\/\",\"name\":\"Palveluehdot - Yelppy\",\"isPartOf\":{\"@id\":\"https:\\\/\\\/yelppy.com\\\/fi\\\/#website\"},\"datePublished\":\"2025-05-06T11:08:01+00:00\",\"dateModified\":\"2026-03-02T08:59:19+00:00\",\"description\":\"Lue miten palvelun k\u00e4ytt\u00f6, tietoturva ja hinnoittelu m\u00e4\u00e4r\u00e4ytyv\u00e4t. L\u00e4pin\u00e4kyv\u00e4t palveluehdot takaavat luotettavan palvelun kaikille k\u00e4ytt\u00e4jille.\",\"breadcrumb\":{\"@id\":\"https:\\\/\\\/yelppy.com\\\/fi\\\/palveluehdot\\\/#breadcrumb\"},\"inLanguage\":\"fi\",\"potentialAction\":[{\"@type\":\"ReadAction\",\"target\":[\"https:\\\/\\\/yelppy.com\\\/fi\\\/palveluehdot\\\/\"]}]},{\"@type\":\"BreadcrumbList\",\"@id\":\"https:\\\/\\\/yelppy.com\\\/fi\\\/palveluehdot\\\/#breadcrumb\",\"itemListElement\":[{\"@type\":\"ListItem\",\"position\":1,\"name\":\"Home\",\"item\":\"https:\\\/\\\/yelppy.com\\\/fi\\\/\"},{\"@type\":\"ListItem\",\"position\":2,\"name\":\"Palveluehdot\"}]},{\"@type\":\"WebSite\",\"@id\":\"https:\\\/\\\/yelppy.com\\\/fi\\\/#website\",\"url\":\"https:\\\/\\\/yelppy.com\\\/fi\\\/\",\"name\":\"yelppy.com\",\"description\":\"\",\"publisher\":{\"@id\":\"https:\\\/\\\/yelppy.com\\\/fi\\\/#organization\"},\"potentialAction\":[{\"@type\":\"SearchAction\",\"target\":{\"@type\":\"EntryPoint\",\"urlTemplate\":\"https:\\\/\\\/yelppy.com\\\/fi\\\/?s={search_term_string}\"},\"query-input\":{\"@type\":\"PropertyValueSpecification\",\"valueRequired\":true,\"valueName\":\"search_term_string\"}}],\"inLanguage\":\"fi\"},{\"@type\":\"Organization\",\"@id\":\"https:\\\/\\\/yelppy.com\\\/fi\\\/#organization\",\"name\":\"yelppy.com\",\"url\":\"https:\\\/\\\/yelppy.com\\\/fi\\\/\",\"logo\":{\"@type\":\"ImageObject\",\"inLanguage\":\"fi\",\"@id\":\"https:\\\/\\\/yelppy.com\\\/fi\\\/#\\\/schema\\\/logo\\\/image\\\/\",\"url\":\"https:\\\/\\\/yelppy.com\\\/fi\\\/wp-content\\\/uploads\\\/2025\\\/02\\\/brand-logo.png\",\"contentUrl\":\"https:\\\/\\\/yelppy.com\\\/fi\\\/wp-content\\\/uploads\\\/2025\\\/02\\\/brand-logo.png\",\"width\":227,\"height\":62,\"caption\":\"yelppy.com\"},\"image\":{\"@id\":\"https:\\\/\\\/yelppy.com\\\/fi\\\/#\\\/schema\\\/logo\\\/image\\\/\"}}]}<\/script>\n<!-- \/ Yoast SEO plugin. -->","yoast_head_json":{"title":"Palveluehdot - Yelppy","description":"Lue miten palvelun k\u00e4ytt\u00f6, tietoturva ja hinnoittelu m\u00e4\u00e4r\u00e4ytyv\u00e4t. L\u00e4pin\u00e4kyv\u00e4t palveluehdot takaavat luotettavan palvelun kaikille k\u00e4ytt\u00e4jille.","robots":{"index":"index","follow":"follow","max-snippet":"max-snippet:-1","max-image-preview":"max-image-preview:large","max-video-preview":"max-video-preview:-1"},"canonical":"https:\/\/yelppy.com\/fi\/palveluehdot\/","og_locale":"fi_FI","og_type":"article","og_title":"Palveluehdot - Yelppy","og_description":"Lue miten palvelun k\u00e4ytt\u00f6, tietoturva ja hinnoittelu m\u00e4\u00e4r\u00e4ytyv\u00e4t. L\u00e4pin\u00e4kyv\u00e4t palveluehdot takaavat luotettavan palvelun kaikille k\u00e4ytt\u00e4jille.","og_url":"https:\/\/yelppy.com\/fi\/palveluehdot\/","og_site_name":"yelppy.com","article_modified_time":"2026-03-02T08:59:19+00:00","twitter_card":"summary_large_image","twitter_misc":{"Arvioitu lukuaika":"3 minuuttia"},"schema":{"@context":"https:\/\/schema.org","@graph":[{"@type":"WebPage","@id":"https:\/\/yelppy.com\/fi\/palveluehdot\/","url":"https:\/\/yelppy.com\/fi\/palveluehdot\/","name":"Palveluehdot - Yelppy","isPartOf":{"@id":"https:\/\/yelppy.com\/fi\/#website"},"datePublished":"2025-05-06T11:08:01+00:00","dateModified":"2026-03-02T08:59:19+00:00","description":"Lue miten palvelun k\u00e4ytt\u00f6, tietoturva ja hinnoittelu m\u00e4\u00e4r\u00e4ytyv\u00e4t. L\u00e4pin\u00e4kyv\u00e4t palveluehdot takaavat luotettavan palvelun kaikille k\u00e4ytt\u00e4jille.","breadcrumb":{"@id":"https:\/\/yelppy.com\/fi\/palveluehdot\/#breadcrumb"},"inLanguage":"fi","potentialAction":[{"@type":"ReadAction","target":["https:\/\/yelppy.com\/fi\/palveluehdot\/"]}]},{"@type":"BreadcrumbList","@id":"https:\/\/yelppy.com\/fi\/palveluehdot\/#breadcrumb","itemListElement":[{"@type":"ListItem","position":1,"name":"Home","item":"https:\/\/yelppy.com\/fi\/"},{"@type":"ListItem","position":2,"name":"Palveluehdot"}]},{"@type":"WebSite","@id":"https:\/\/yelppy.com\/fi\/#website","url":"https:\/\/yelppy.com\/fi\/","name":"yelppy.com","description":"","publisher":{"@id":"https:\/\/yelppy.com\/fi\/#organization"},"potentialAction":[{"@type":"SearchAction","target":{"@type":"EntryPoint","urlTemplate":"https:\/\/yelppy.com\/fi\/?s={search_term_string}"},"query-input":{"@type":"PropertyValueSpecification","valueRequired":true,"valueName":"search_term_string"}}],"inLanguage":"fi"},{"@type":"Organization","@id":"https:\/\/yelppy.com\/fi\/#organization","name":"yelppy.com","url":"https:\/\/yelppy.com\/fi\/","logo":{"@type":"ImageObject","inLanguage":"fi","@id":"https:\/\/yelppy.com\/fi\/#\/schema\/logo\/image\/","url":"https:\/\/yelppy.com\/fi\/wp-content\/uploads\/2025\/02\/brand-logo.png","contentUrl":"https:\/\/yelppy.com\/fi\/wp-content\/uploads\/2025\/02\/brand-logo.png","width":227,"height":62,"caption":"yelppy.com"},"image":{"@id":"https:\/\/yelppy.com\/fi\/#\/schema\/logo\/image\/"}}]}},"_links":{"self":[{"href":"https:\/\/yelppy.com\/fi\/wp-json\/wp\/v2\/pages\/1394","targetHints":{"allow":["GET"]}}],"collection":[{"href":"https:\/\/yelppy.com\/fi\/wp-json\/wp\/v2\/pages"}],"about":[{"href":"https:\/\/yelppy.com\/fi\/wp-json\/wp\/v2\/types\/page"}],"author":[{"embeddable":true,"href":"https:\/\/yelppy.com\/fi\/wp-json\/wp\/v2\/users\/1"}],"replies":[{"embeddable":true,"href":"https:\/\/yelppy.com\/fi\/wp-json\/wp\/v2\/comments?post=1394"}],"version-history":[{"count":13,"href":"https:\/\/yelppy.com\/fi\/wp-json\/wp\/v2\/pages\/1394\/revisions"}],"predecessor-version":[{"id":2844,"href":"https:\/\/yelppy.com\/fi\/wp-json\/wp\/v2\/pages\/1394\/revisions\/2844"}],"wp:attachment":[{"href":"https:\/\/yelppy.com\/fi\/wp-json\/wp\/v2\/media?parent=1394"}],"curies":[{"name":"wp","href":"https:\/\/api.w.org\/{rel}","templated":true}]}}